{"id":24,"date":"2024-05-06T07:14:52","date_gmt":"2024-05-06T07:14:52","guid":{"rendered":"https:\/\/msmfiber.at\/?page_id=24"},"modified":"2024-11-25T10:03:08","modified_gmt":"2024-11-25T08:03:08","slug":"home","status":"publish","type":"page","link":"https:\/\/msmfiber.at\/","title":{"rendered":"Home"},"content":{"rendered":"<p><style>\/*! elementor-pro - v3.21.0 - 30-04-2024 *\/<br \/>\n.elementor-slides .swiper-slide-bg{background-size:cover;background-position:50%;background-repeat:no-repeat;min-width:100%;min-height:100%}.elementor-slides .swiper-slide-inner{background-repeat:no-repeat;background-position:50%;position:absolute;top:0;left:0;bottom:0;right:0;padding:50px;margin:auto}.elementor-slides .swiper-slide-inner,.elementor-slides .swiper-slide-inner:hover{color:#fff;display:flex}.elementor-slides .swiper-slide-inner .elementor-background-overlay{position:absolute;z-index:0;top:0;bottom:0;left:0;right:0}.elementor-slides .swiper-slide-inner .elementor-slide-content{position:relative;z-index:1;width:100%}.elementor-slides .swiper-slide-inner .elementor-slide-heading{font-size:35px;font-weight:700;line-height:1}.elementor-slides .swiper-slide-inner .elementor-slide-description{font-size:17px;line-height:1.4}.elementor-slides .swiper-slide-inner .elementor-slide-description:not(:last-child),.elementor-slides .swiper-slide-inner .elementor-slide-heading:not(:last-child){margin-bottom:30px}.elementor-slides .swiper-slide-inner .elementor-slide-button{border:2px solid #fff;color:#fff;background:transparent;display:inline-block}.elementor-slides .swiper-slide-inner .elementor-slide-button,.elementor-slides .swiper-slide-inner .elementor-slide-button:hover{background:transparent;color:inherit;text-decoration:none}.elementor--v-position-top .swiper-slide-inner{align-items:flex-start}.elementor--v-position-bottom .swiper-slide-inner{align-items:flex-end}.elementor--v-position-middle .swiper-slide-inner{align-items:center}.elementor--h-position-left .swiper-slide-inner{justify-content:flex-start}.elementor--h-position-right .swiper-slide-inner{justify-content:flex-end}.elementor--h-position-center .swiper-slide-inner{justify-content:center}body.rtl .elementor-widget-slides .elementor-swiper-button-next{left:10px;right:auto}body.rtl .elementor-widget-slides .elementor-swiper-button-prev{right:10px;left:auto}.elementor-slides-wrapper div:not(.swiper-slide)>.swiper-slide-inner{display:none}@media (max-width:767px){.elementor-slides .swiper-slide-inner{padding:30px}.elementor-slides .swiper-slide-inner .elementor-slide-heading{font-size:23px;line-height:1;margin-bottom:15px}.elementor-slides .swiper-slide-inner .elementor-slide-description{font-size:13px;line-height:1.4;margin-bottom:15px}}<\/style><\/p>\n<p>Willkommen bei MSM-Fiber<\/p>\n<p><style>\/*! elementor - v3.21.0 - 25-04-2024 *\/<br \/>\n.elementor-heading-title{padding:0;margin:0;line-height:1}.elementor-widget-heading .elementor-heading-title[class*=elementor-size-]>a{color:inherit;font-size:inherit;line-height:inherit}.elementor-widget-heading .elementor-heading-title.elementor-size-small{font-size:15px}.elementor-widget-heading .elementor-heading-title.elementor-size-medium{font-size:19px}.elementor-widget-heading .elementor-heading-title.elementor-size-large{font-size:29px}.elementor-widget-heading .elementor-heading-title.elementor-size-xl{font-size:39px}.elementor-widget-heading .elementor-heading-title.elementor-size-xxl{font-size:59px}<\/style><\/p>\n<h2>Wir bringen die Zukunft der Kommunikation direkt zu Ihnen nach Hause.<\/h2>\n<p><video autoplay=\"autoplay\" loop=\"loop\" muted=\"\" width=\"300\" height=\"150\"><source src=\"https:\/\/msmfiber.at\/wp-content\/uploads\/2024\/08\/msmfiber-2.mp4\" type=\"video\/mp4\" \/><\/video><\/p>\n<h6>\u00dcber uns<\/h6>\n<p>\u00a0<\/p>\n<h3>MSM-Fiber ist Ihr verl\u00e4sslicher Partner im Bereich Telekommunikation und Glasfaserausbau.<\/h3>\n<p>Mit jahrelanger Erfahrung und modernster Technologie sorgen wir daf\u00fcr, dass Sie von der schnellsten und stabilsten Internetverbindung profitieren k\u00f6nnen. Unsere Mission ist es, die digitale Infrastruktur von heute f\u00fcr die Anforderungen von morgen zu gestalten.<br \/>Unsere Leistungen<br \/>Glasfaserinstallation: Wir bieten ma\u00dfgeschneiderte L\u00f6sungen f\u00fcr Privat- und Gesch\u00e4ftskunden, die h\u00f6chste Bandbreiten und zuverl\u00e4ssige Verbindungen ben\u00f6tigen.<br \/>Netzwerkl\u00f6sungen: Von der Planung bis zur Umsetzung \u2013 wir k\u00fcmmern uns um den Aufbau und die Optimierung Ihrer Netzwerkinfrastruktur.<br \/>Kundensupport: Unser engagiertes Team steht Ihnen rund um die Uhr zur Verf\u00fcgung, um Ihnen bei Fragen und Anliegen weiterzuhelfen.<br \/>Warum Glasfaser?<br \/>Die Glasfasertechnologie ist der Schl\u00fcssel zur Digitalisierung. Sie erm\u00f6glicht ultraschnelle Daten\u00fcbertragung, h\u00f6chste Zuverl\u00e4ssigkeit und ist gleichzeitig zukunftssicher. Mit Glasfaser sind Sie bestens ger\u00fcstet f\u00fcr die wachsenden Anforderungen der digitalen Welt.<br \/>Unser Versprechen<br \/>Qualit\u00e4t: Wir setzen auf hochwertige Materialien und fortschrittliche Techniken, um Ihnen den bestm\u00f6glichen Service zu bieten.<br \/>Verl\u00e4sslichkeit: P\u00fcnktlichkeit, Transparenz und ein offenes Ohr f\u00fcr Ihre Bed\u00fcrfnisse sind f\u00fcr uns selbstverst\u00e4ndlich.<br \/>Innovation: Wir bleiben stets am Puls der Zeit, um Ihnen die innovativsten L\u00f6sungen zu bieten.<br \/>Kontaktieren Sie Uns<br \/>Haben Sie Fragen oder m\u00f6chten Sie mehr \u00fcber unsere Dienstleistungen erfahren? Kontaktieren Sie uns noch heute und wir beraten Sie gerne pers\u00f6nlich.<\/p>\n<p><a href=\"https:\/\/msmfiber.at\/?cat=7\"><br \/><br \/>Projekte anzeigen<br \/><\/a><\/p>\n\n\n<p><\/p>\n","protected":false},"excerpt":{"rendered":"<p>Willkommen bei MSM-Fiber Wir bringen die Zukunft der Kommunikation direkt zu Ihnen nach Hause. \u00dcber uns \u00a0 MSM-Fiber ist Ihr verl\u00e4sslicher Partner im Bereich Telekommunikation und Glasfaserausbau. Mit jahrelanger Erfahrung und modernster Technologie sorgen wir daf\u00fcr, dass Sie von der schnellsten und stabilsten Internetverbindung profitieren k\u00f6nnen. Unsere Mission ist es, die digitale Infrastruktur von heute [&hellip;]<\/p>\n","protected":false},"author":2,"featured_media":0,"parent":0,"menu_order":0,"comment_status":"closed","ping_status":"closed","template":"elementor_header_footer","meta":{"_acf_changed":false,"footnotes":""},"class_list":["post-24","page","type-page","status-publish","hentry"],"acf":[],"_links":{"self":[{"href":"https:\/\/msmfiber.at\/index.php?rest_route=\/wp\/v2\/pages\/24","targetHints":{"allow":["GET"]}}],"collection":[{"href":"https:\/\/msmfiber.at\/index.php?rest_route=\/wp\/v2\/pages"}],"about":[{"href":"https:\/\/msmfiber.at\/index.php?rest_route=\/wp\/v2\/types\/page"}],"author":[{"embeddable":true,"href":"https:\/\/msmfiber.at\/index.php?rest_route=\/wp\/v2\/users\/2"}],"replies":[{"embeddable":true,"href":"https:\/\/msmfiber.at\/index.php?rest_route=%2Fwp%2Fv2%2Fcomments&post=24"}],"version-history":[{"count":10,"href":"https:\/\/msmfiber.at\/index.php?rest_route=\/wp\/v2\/pages\/24\/revisions"}],"predecessor-version":[{"id":2579,"href":"https:\/\/msmfiber.at\/index.php?rest_route=\/wp\/v2\/pages\/24\/revisions\/2579"}],"wp:attachment":[{"href":"https:\/\/msmfiber.at\/index.php?rest_route=%2Fwp%2Fv2%2Fmedia&parent=24"}],"curies":[{"name":"wp","href":"https:\/\/api.w.org\/{rel}","templated":true}]}}